{"id":284,"date":"2025-11-07T03:00:32","date_gmt":"2025-11-07T03:00:32","guid":{"rendered":"https:\/\/shoppingdent.gmstore.com.mx\/?post_type=product&#038;p=284"},"modified":"2025-11-07T03:00:32","modified_gmt":"2025-11-07T03:00:32","slug":"adhesivo-orthodonticobrackets-fix","status":"publish","type":"product","link":"https:\/\/shoppingdent.gmstore.com.mx\/?product=adhesivo-orthodonticobrackets-fix","title":{"rendered":"Adhesivo Orthodontico(Brackets) &#8211; Fix"},"content":{"rendered":"<p>Adhesivo ortod\u00f3ncico fotopolimerizable dise\u00f1ado para favorecer la adhesi\u00f3n de brackets met\u00e1licos, cer\u00e1micos y de policarbonato a la superficie del esmalte dental durante el tratamiento ortod\u00f3ncico. Tiene un rastreador UV, excelentes propiedades de manipulaci\u00f3n y permite un procedimiento cl\u00ednico en dos etapas: grabado \u00e1cido y adhesi\u00f3n de brackets.<\/p>\n","protected":false},"excerpt":{"rendered":"<p>Adhesivo ortod\u00f3ncico fotopolimerizable dise\u00f1ado para favorecer la adhesi\u00f3n de brackets met\u00e1licos, cer\u00e1micos y de policarbonato a la superficie del esmalte dental durante el tratamiento ortod\u00f3ncico. Tiene un rastreador UV, excelentes propiedades de manipulaci\u00f3n y permite un procedimiento cl\u00ednico en dos etapas: grabado \u00e1cido y adhesi\u00f3n de brackets.<\/p>\n","protected":false},"featured_media":285,"comment_status":"open","ping_status":"closed","template":"","meta":[],"product_brand":[24],"product_cat":[30],"product_tag":[],"class_list":{"0":"post-284","1":"product","2":"type-product","3":"status-publish","4":"has-post-thumbnail","6":"product_brand-fgm","7":"product_cat-adhesivo-para-brackets","9":"first","10":"instock","11":"shipping-taxable","12":"product-type-simple"},"yoast_head":"<!-- This site is optimized with the Yoast SEO plugin v27.3 - https:\/\/yoast.com\/product\/yoast-seo-wordpress\/ -->\n<title>Adhesivo Orthodontico(Brackets) - Fix - Shopping Dent<\/title>\n<meta name=\"robots\" content=\"index, follow, max-snippet:-1, max-image-preview:large, max-video-preview:-1\" \/>\n<link rel=\"canonical\" href=\"https:\/\/shoppingdent.gmstore.com.mx\/?product=adhesivo-orthodonticobrackets-fix\" \/>\n<meta property=\"og:locale\" content=\"es_ES\" \/>\n<meta property=\"og:type\" content=\"article\" \/>\n<meta property=\"og:title\" content=\"Adhesivo Orthodontico(Brackets) - Fix - Shopping Dent\" \/>\n<meta property=\"og:description\" content=\"Adhesivo ortod\u00f3ncico fotopolimerizable dise\u00f1ado para favorecer la adhesi\u00f3n de brackets met\u00e1licos, cer\u00e1micos y de policarbonato a la superficie del esmalte dental durante el tratamiento ortod\u00f3ncico. Tiene un rastreador UV, excelentes propiedades de manipulaci\u00f3n y permite un procedimiento cl\u00ednico en dos etapas: grabado \u00e1cido y adhesi\u00f3n de brackets.\" \/>\n<meta property=\"og:url\" content=\"https:\/\/shoppingdent.gmstore.com.mx\/?product=adhesivo-orthodonticobrackets-fix\" \/>\n<meta property=\"og:site_name\" content=\"Shopping Dent\" \/>\n<meta property=\"og:image\" content=\"https:\/\/shoppingdent.gmstore.com.mx\/wp-content\/uploads\/2025\/11\/Fix_900x600.jpg\" \/>\n\t<meta property=\"og:image:width\" content=\"900\" \/>\n\t<meta property=\"og:image:height\" content=\"600\" \/>\n\t<meta property=\"og:image:type\" content=\"image\/jpeg\" \/>\n<meta name=\"twitter:card\" content=\"summary_large_image\" \/>\n<meta name=\"twitter:label1\" content=\"Tiempo de lectura\" \/>\n\t<meta name=\"twitter:data1\" content=\"1 minuto\" \/>\n<script type=\"application\/ld+json\" class=\"yoast-schema-graph\">{\"@context\":\"https:\\\/\\\/schema.org\",\"@graph\":[{\"@type\":\"WebPage\",\"@id\":\"https:\\\/\\\/shoppingdent.gmstore.com.mx\\\/?product=adhesivo-orthodonticobrackets-fix\",\"url\":\"https:\\\/\\\/shoppingdent.gmstore.com.mx\\\/?product=adhesivo-orthodonticobrackets-fix\",\"name\":\"Adhesivo Orthodontico(Brackets) - Fix - Shopping Dent\",\"isPartOf\":{\"@id\":\"https:\\\/\\\/shoppingdent.gmstore.com.mx\\\/#website\"},\"primaryImageOfPage\":{\"@id\":\"https:\\\/\\\/shoppingdent.gmstore.com.mx\\\/?product=adhesivo-orthodonticobrackets-fix#primaryimage\"},\"image\":{\"@id\":\"https:\\\/\\\/shoppingdent.gmstore.com.mx\\\/?product=adhesivo-orthodonticobrackets-fix#primaryimage\"},\"thumbnailUrl\":\"https:\\\/\\\/shoppingdent.gmstore.com.mx\\\/wp-content\\\/uploads\\\/2025\\\/11\\\/Fix_900x600.jpg\",\"datePublished\":\"2025-11-07T03:00:32+00:00\",\"breadcrumb\":{\"@id\":\"https:\\\/\\\/shoppingdent.gmstore.com.mx\\\/?product=adhesivo-orthodonticobrackets-fix#breadcrumb\"},\"inLanguage\":\"es\",\"potentialAction\":[{\"@type\":\"ReadAction\",\"target\":[\"https:\\\/\\\/shoppingdent.gmstore.com.mx\\\/?product=adhesivo-orthodonticobrackets-fix\"]}]},{\"@type\":\"ImageObject\",\"inLanguage\":\"es\",\"@id\":\"https:\\\/\\\/shoppingdent.gmstore.com.mx\\\/?product=adhesivo-orthodonticobrackets-fix#primaryimage\",\"url\":\"https:\\\/\\\/shoppingdent.gmstore.com.mx\\\/wp-content\\\/uploads\\\/2025\\\/11\\\/Fix_900x600.jpg\",\"contentUrl\":\"https:\\\/\\\/shoppingdent.gmstore.com.mx\\\/wp-content\\\/uploads\\\/2025\\\/11\\\/Fix_900x600.jpg\",\"width\":900,\"height\":600},{\"@type\":\"BreadcrumbList\",\"@id\":\"https:\\\/\\\/shoppingdent.gmstore.com.mx\\\/?product=adhesivo-orthodonticobrackets-fix#breadcrumb\",\"itemListElement\":[{\"@type\":\"ListItem\",\"position\":1,\"name\":\"Portada\",\"item\":\"https:\\\/\\\/shoppingdent.gmstore.com.mx\\\/\"},{\"@type\":\"ListItem\",\"position\":2,\"name\":\"Tienda\",\"item\":\"https:\\\/\\\/shoppingdent.gmstore.com.mx\\\/?page_id=6\"},{\"@type\":\"ListItem\",\"position\":3,\"name\":\"Adhesivo Orthodontico(Brackets) &#8211; Fix\"}]},{\"@type\":\"WebSite\",\"@id\":\"https:\\\/\\\/shoppingdent.gmstore.com.mx\\\/#website\",\"url\":\"https:\\\/\\\/shoppingdent.gmstore.com.mx\\\/\",\"name\":\"Shopping Dent\",\"description\":\"\",\"publisher\":{\"@id\":\"https:\\\/\\\/shoppingdent.gmstore.com.mx\\\/#organization\"},\"potentialAction\":[{\"@type\":\"SearchAction\",\"target\":{\"@type\":\"EntryPoint\",\"urlTemplate\":\"https:\\\/\\\/shoppingdent.gmstore.com.mx\\\/?s={search_term_string}\"},\"query-input\":{\"@type\":\"PropertyValueSpecification\",\"valueRequired\":true,\"valueName\":\"search_term_string\"}}],\"inLanguage\":\"es\"},{\"@type\":\"Organization\",\"@id\":\"https:\\\/\\\/shoppingdent.gmstore.com.mx\\\/#organization\",\"name\":\"Shopping Dent\",\"url\":\"https:\\\/\\\/shoppingdent.gmstore.com.mx\\\/\",\"logo\":{\"@type\":\"ImageObject\",\"inLanguage\":\"es\",\"@id\":\"https:\\\/\\\/shoppingdent.gmstore.com.mx\\\/#\\\/schema\\\/logo\\\/image\\\/\",\"url\":\"https:\\\/\\\/shoppingdent.gmstore.com.mx\\\/wp-content\\\/uploads\\\/2025\\\/08\\\/cropped-logoDent.png\",\"contentUrl\":\"https:\\\/\\\/shoppingdent.gmstore.com.mx\\\/wp-content\\\/uploads\\\/2025\\\/08\\\/cropped-logoDent.png\",\"width\":135,\"height\":135,\"caption\":\"Shopping Dent\"},\"image\":{\"@id\":\"https:\\\/\\\/shoppingdent.gmstore.com.mx\\\/#\\\/schema\\\/logo\\\/image\\\/\"}}]}<\/script>\n<!-- \/ Yoast SEO plugin. -->","yoast_head_json":{"title":"Adhesivo Orthodontico(Brackets) - Fix - Shopping Dent","robots":{"index":"index","follow":"follow","max-snippet":"max-snippet:-1","max-image-preview":"max-image-preview:large","max-video-preview":"max-video-preview:-1"},"canonical":"https:\/\/shoppingdent.gmstore.com.mx\/?product=adhesivo-orthodonticobrackets-fix","og_locale":"es_ES","og_type":"article","og_title":"Adhesivo Orthodontico(Brackets) - Fix - Shopping Dent","og_description":"Adhesivo ortod\u00f3ncico fotopolimerizable dise\u00f1ado para favorecer la adhesi\u00f3n de brackets met\u00e1licos, cer\u00e1micos y de policarbonato a la superficie del esmalte dental durante el tratamiento ortod\u00f3ncico. Tiene un rastreador UV, excelentes propiedades de manipulaci\u00f3n y permite un procedimiento cl\u00ednico en dos etapas: grabado \u00e1cido y adhesi\u00f3n de brackets.","og_url":"https:\/\/shoppingdent.gmstore.com.mx\/?product=adhesivo-orthodonticobrackets-fix","og_site_name":"Shopping Dent","og_image":[{"width":900,"height":600,"url":"https:\/\/shoppingdent.gmstore.com.mx\/wp-content\/uploads\/2025\/11\/Fix_900x600.jpg","type":"image\/jpeg"}],"twitter_card":"summary_large_image","twitter_misc":{"Tiempo de lectura":"1 minuto"},"schema":{"@context":"https:\/\/schema.org","@graph":[{"@type":"WebPage","@id":"https:\/\/shoppingdent.gmstore.com.mx\/?product=adhesivo-orthodonticobrackets-fix","url":"https:\/\/shoppingdent.gmstore.com.mx\/?product=adhesivo-orthodonticobrackets-fix","name":"Adhesivo Orthodontico(Brackets) - Fix - Shopping Dent","isPartOf":{"@id":"https:\/\/shoppingdent.gmstore.com.mx\/#website"},"primaryImageOfPage":{"@id":"https:\/\/shoppingdent.gmstore.com.mx\/?product=adhesivo-orthodonticobrackets-fix#primaryimage"},"image":{"@id":"https:\/\/shoppingdent.gmstore.com.mx\/?product=adhesivo-orthodonticobrackets-fix#primaryimage"},"thumbnailUrl":"https:\/\/shoppingdent.gmstore.com.mx\/wp-content\/uploads\/2025\/11\/Fix_900x600.jpg","datePublished":"2025-11-07T03:00:32+00:00","breadcrumb":{"@id":"https:\/\/shoppingdent.gmstore.com.mx\/?product=adhesivo-orthodonticobrackets-fix#breadcrumb"},"inLanguage":"es","potentialAction":[{"@type":"ReadAction","target":["https:\/\/shoppingdent.gmstore.com.mx\/?product=adhesivo-orthodonticobrackets-fix"]}]},{"@type":"ImageObject","inLanguage":"es","@id":"https:\/\/shoppingdent.gmstore.com.mx\/?product=adhesivo-orthodonticobrackets-fix#primaryimage","url":"https:\/\/shoppingdent.gmstore.com.mx\/wp-content\/uploads\/2025\/11\/Fix_900x600.jpg","contentUrl":"https:\/\/shoppingdent.gmstore.com.mx\/wp-content\/uploads\/2025\/11\/Fix_900x600.jpg","width":900,"height":600},{"@type":"BreadcrumbList","@id":"https:\/\/shoppingdent.gmstore.com.mx\/?product=adhesivo-orthodonticobrackets-fix#breadcrumb","itemListElement":[{"@type":"ListItem","position":1,"name":"Portada","item":"https:\/\/shoppingdent.gmstore.com.mx\/"},{"@type":"ListItem","position":2,"name":"Tienda","item":"https:\/\/shoppingdent.gmstore.com.mx\/?page_id=6"},{"@type":"ListItem","position":3,"name":"Adhesivo Orthodontico(Brackets) &#8211; Fix"}]},{"@type":"WebSite","@id":"https:\/\/shoppingdent.gmstore.com.mx\/#website","url":"https:\/\/shoppingdent.gmstore.com.mx\/","name":"Shopping Dent","description":"","publisher":{"@id":"https:\/\/shoppingdent.gmstore.com.mx\/#organization"},"potentialAction":[{"@type":"SearchAction","target":{"@type":"EntryPoint","urlTemplate":"https:\/\/shoppingdent.gmstore.com.mx\/?s={search_term_string}"},"query-input":{"@type":"PropertyValueSpecification","valueRequired":true,"valueName":"search_term_string"}}],"inLanguage":"es"},{"@type":"Organization","@id":"https:\/\/shoppingdent.gmstore.com.mx\/#organization","name":"Shopping Dent","url":"https:\/\/shoppingdent.gmstore.com.mx\/","logo":{"@type":"ImageObject","inLanguage":"es","@id":"https:\/\/shoppingdent.gmstore.com.mx\/#\/schema\/logo\/image\/","url":"https:\/\/shoppingdent.gmstore.com.mx\/wp-content\/uploads\/2025\/08\/cropped-logoDent.png","contentUrl":"https:\/\/shoppingdent.gmstore.com.mx\/wp-content\/uploads\/2025\/08\/cropped-logoDent.png","width":135,"height":135,"caption":"Shopping Dent"},"image":{"@id":"https:\/\/shoppingdent.gmstore.com.mx\/#\/schema\/logo\/image\/"}}]}},"_links":{"self":[{"href":"https:\/\/shoppingdent.gmstore.com.mx\/index.php?rest_route=\/wp\/v2\/product\/284","targetHints":{"allow":["GET"]}}],"collection":[{"href":"https:\/\/shoppingdent.gmstore.com.mx\/index.php?rest_route=\/wp\/v2\/product"}],"about":[{"href":"https:\/\/shoppingdent.gmstore.com.mx\/index.php?rest_route=\/wp\/v2\/types\/product"}],"replies":[{"embeddable":true,"href":"https:\/\/shoppingdent.gmstore.com.mx\/index.php?rest_route=%2Fwp%2Fv2%2Fcomments&post=284"}],"wp:featuredmedia":[{"embeddable":true,"href":"https:\/\/shoppingdent.gmstore.com.mx\/index.php?rest_route=\/wp\/v2\/media\/285"}],"wp:attachment":[{"href":"https:\/\/shoppingdent.gmstore.com.mx\/index.php?rest_route=%2Fwp%2Fv2%2Fmedia&parent=284"}],"wp:term":[{"taxonomy":"product_brand","embeddable":true,"href":"https:\/\/shoppingdent.gmstore.com.mx\/index.php?rest_route=%2Fwp%2Fv2%2Fproduct_brand&post=284"},{"taxonomy":"product_cat","embeddable":true,"href":"https:\/\/shoppingdent.gmstore.com.mx\/index.php?rest_route=%2Fwp%2Fv2%2Fproduct_cat&post=284"},{"taxonomy":"product_tag","embeddable":true,"href":"https:\/\/shoppingdent.gmstore.com.mx\/index.php?rest_route=%2Fwp%2Fv2%2Fproduct_tag&post=284"}],"curies":[{"name":"wp","href":"https:\/\/api.w.org\/{rel}","templated":true}]}}