{"id":278,"date":"2025-11-07T02:54:37","date_gmt":"2025-11-07T02:54:37","guid":{"rendered":"https:\/\/shoppingdent.gmstore.com.mx\/?post_type=product&#038;p=278"},"modified":"2025-11-07T03:02:20","modified_gmt":"2025-11-07T03:02:20","slug":"guante-de-latex-amber","status":"publish","type":"product","link":"https:\/\/shoppingdent.gmstore.com.mx\/?product=guante-de-latex-amber","title":{"rendered":"Guante de Latex- Amber"},"content":{"rendered":"<p>Guante de l\u00e1tex para exploraci\u00f3n bajo en polvo confort. Dise\u00f1o ambidiestro con ajuste perfecto, resistente a productos qu\u00edmicos como \u00e1cidos. \u00e1lcalis y alcoholes, todos ellos diluidos.<\/p>\n","protected":false},"excerpt":{"rendered":"<p>Guante de l\u00e1tex para exploraci\u00f3n bajo en polvo confort. Dise\u00f1o ambidiestro con ajuste perfecto, resistente a productos qu\u00edmicos como \u00e1cidos. \u00e1lcalis y alcoholes, todos ellos diluidos.<\/p>\n","protected":false},"featured_media":279,"comment_status":"open","ping_status":"closed","template":"","meta":[],"product_brand":[26],"product_cat":[27],"product_tag":[],"class_list":{"0":"post-278","1":"product","2":"type-product","3":"status-publish","4":"has-post-thumbnail","6":"product_brand-ambar","7":"product_cat-guantes-latex","9":"first","10":"instock","11":"shipping-taxable","12":"product-type-simple"},"yoast_head":"<!-- This site is optimized with the Yoast SEO plugin v27.3 - https:\/\/yoast.com\/product\/yoast-seo-wordpress\/ -->\n<title>Guante de Latex- Amber - Shopping Dent<\/title>\n<meta name=\"robots\" content=\"index, follow, max-snippet:-1, max-image-preview:large, max-video-preview:-1\" \/>\n<link rel=\"canonical\" href=\"https:\/\/shoppingdent.gmstore.com.mx\/?product=guante-de-latex-amber\" \/>\n<meta property=\"og:locale\" content=\"es_ES\" \/>\n<meta property=\"og:type\" content=\"article\" \/>\n<meta property=\"og:title\" content=\"Guante de Latex- Amber - Shopping Dent\" \/>\n<meta property=\"og:description\" content=\"Guante de l\u00e1tex para exploraci\u00f3n bajo en polvo confort. Dise\u00f1o ambidiestro con ajuste perfecto, resistente a productos qu\u00edmicos como \u00e1cidos. \u00e1lcalis y alcoholes, todos ellos diluidos.\" \/>\n<meta property=\"og:url\" content=\"https:\/\/shoppingdent.gmstore.com.mx\/?product=guante-de-latex-amber\" \/>\n<meta property=\"og:site_name\" content=\"Shopping Dent\" \/>\n<meta property=\"article:modified_time\" content=\"2025-11-07T03:02:20+00:00\" \/>\n<meta property=\"og:image\" content=\"https:\/\/shoppingdent.gmstore.com.mx\/wp-content\/uploads\/2025\/11\/images.jpeg\" \/>\n\t<meta property=\"og:image:width\" content=\"225\" \/>\n\t<meta property=\"og:image:height\" content=\"225\" \/>\n\t<meta property=\"og:image:type\" content=\"image\/jpeg\" \/>\n<meta name=\"twitter:card\" content=\"summary_large_image\" \/>\n<meta name=\"twitter:label1\" content=\"Tiempo de lectura\" \/>\n\t<meta name=\"twitter:data1\" content=\"1 minuto\" \/>\n<script type=\"application\/ld+json\" class=\"yoast-schema-graph\">{\"@context\":\"https:\\\/\\\/schema.org\",\"@graph\":[{\"@type\":\"WebPage\",\"@id\":\"https:\\\/\\\/shoppingdent.gmstore.com.mx\\\/?product=guante-de-latex-amber\",\"url\":\"https:\\\/\\\/shoppingdent.gmstore.com.mx\\\/?product=guante-de-latex-amber\",\"name\":\"Guante de Latex- Amber - Shopping Dent\",\"isPartOf\":{\"@id\":\"https:\\\/\\\/shoppingdent.gmstore.com.mx\\\/#website\"},\"primaryImageOfPage\":{\"@id\":\"https:\\\/\\\/shoppingdent.gmstore.com.mx\\\/?product=guante-de-latex-amber#primaryimage\"},\"image\":{\"@id\":\"https:\\\/\\\/shoppingdent.gmstore.com.mx\\\/?product=guante-de-latex-amber#primaryimage\"},\"thumbnailUrl\":\"https:\\\/\\\/shoppingdent.gmstore.com.mx\\\/wp-content\\\/uploads\\\/2025\\\/11\\\/images.jpeg\",\"datePublished\":\"2025-11-07T02:54:37+00:00\",\"dateModified\":\"2025-11-07T03:02:20+00:00\",\"breadcrumb\":{\"@id\":\"https:\\\/\\\/shoppingdent.gmstore.com.mx\\\/?product=guante-de-latex-amber#breadcrumb\"},\"inLanguage\":\"es\",\"potentialAction\":[{\"@type\":\"ReadAction\",\"target\":[\"https:\\\/\\\/shoppingdent.gmstore.com.mx\\\/?product=guante-de-latex-amber\"]}]},{\"@type\":\"ImageObject\",\"inLanguage\":\"es\",\"@id\":\"https:\\\/\\\/shoppingdent.gmstore.com.mx\\\/?product=guante-de-latex-amber#primaryimage\",\"url\":\"https:\\\/\\\/shoppingdent.gmstore.com.mx\\\/wp-content\\\/uploads\\\/2025\\\/11\\\/images.jpeg\",\"contentUrl\":\"https:\\\/\\\/shoppingdent.gmstore.com.mx\\\/wp-content\\\/uploads\\\/2025\\\/11\\\/images.jpeg\",\"width\":225,\"height\":225},{\"@type\":\"BreadcrumbList\",\"@id\":\"https:\\\/\\\/shoppingdent.gmstore.com.mx\\\/?product=guante-de-latex-amber#breadcrumb\",\"itemListElement\":[{\"@type\":\"ListItem\",\"position\":1,\"name\":\"Portada\",\"item\":\"https:\\\/\\\/shoppingdent.gmstore.com.mx\\\/\"},{\"@type\":\"ListItem\",\"position\":2,\"name\":\"Tienda\",\"item\":\"https:\\\/\\\/shoppingdent.gmstore.com.mx\\\/?page_id=6\"},{\"@type\":\"ListItem\",\"position\":3,\"name\":\"Guante de Latex- Amber\"}]},{\"@type\":\"WebSite\",\"@id\":\"https:\\\/\\\/shoppingdent.gmstore.com.mx\\\/#website\",\"url\":\"https:\\\/\\\/shoppingdent.gmstore.com.mx\\\/\",\"name\":\"Shopping Dent\",\"description\":\"\",\"publisher\":{\"@id\":\"https:\\\/\\\/shoppingdent.gmstore.com.mx\\\/#organization\"},\"potentialAction\":[{\"@type\":\"SearchAction\",\"target\":{\"@type\":\"EntryPoint\",\"urlTemplate\":\"https:\\\/\\\/shoppingdent.gmstore.com.mx\\\/?s={search_term_string}\"},\"query-input\":{\"@type\":\"PropertyValueSpecification\",\"valueRequired\":true,\"valueName\":\"search_term_string\"}}],\"inLanguage\":\"es\"},{\"@type\":\"Organization\",\"@id\":\"https:\\\/\\\/shoppingdent.gmstore.com.mx\\\/#organization\",\"name\":\"Shopping Dent\",\"url\":\"https:\\\/\\\/shoppingdent.gmstore.com.mx\\\/\",\"logo\":{\"@type\":\"ImageObject\",\"inLanguage\":\"es\",\"@id\":\"https:\\\/\\\/shoppingdent.gmstore.com.mx\\\/#\\\/schema\\\/logo\\\/image\\\/\",\"url\":\"https:\\\/\\\/shoppingdent.gmstore.com.mx\\\/wp-content\\\/uploads\\\/2025\\\/08\\\/cropped-logoDent.png\",\"contentUrl\":\"https:\\\/\\\/shoppingdent.gmstore.com.mx\\\/wp-content\\\/uploads\\\/2025\\\/08\\\/cropped-logoDent.png\",\"width\":135,\"height\":135,\"caption\":\"Shopping Dent\"},\"image\":{\"@id\":\"https:\\\/\\\/shoppingdent.gmstore.com.mx\\\/#\\\/schema\\\/logo\\\/image\\\/\"}}]}<\/script>\n<!-- \/ Yoast SEO plugin. -->","yoast_head_json":{"title":"Guante de Latex- Amber - Shopping Dent","robots":{"index":"index","follow":"follow","max-snippet":"max-snippet:-1","max-image-preview":"max-image-preview:large","max-video-preview":"max-video-preview:-1"},"canonical":"https:\/\/shoppingdent.gmstore.com.mx\/?product=guante-de-latex-amber","og_locale":"es_ES","og_type":"article","og_title":"Guante de Latex- Amber - Shopping Dent","og_description":"Guante de l\u00e1tex para exploraci\u00f3n bajo en polvo confort. Dise\u00f1o ambidiestro con ajuste perfecto, resistente a productos qu\u00edmicos como \u00e1cidos. \u00e1lcalis y alcoholes, todos ellos diluidos.","og_url":"https:\/\/shoppingdent.gmstore.com.mx\/?product=guante-de-latex-amber","og_site_name":"Shopping Dent","article_modified_time":"2025-11-07T03:02:20+00:00","og_image":[{"width":225,"height":225,"url":"https:\/\/shoppingdent.gmstore.com.mx\/wp-content\/uploads\/2025\/11\/images.jpeg","type":"image\/jpeg"}],"twitter_card":"summary_large_image","twitter_misc":{"Tiempo de lectura":"1 minuto"},"schema":{"@context":"https:\/\/schema.org","@graph":[{"@type":"WebPage","@id":"https:\/\/shoppingdent.gmstore.com.mx\/?product=guante-de-latex-amber","url":"https:\/\/shoppingdent.gmstore.com.mx\/?product=guante-de-latex-amber","name":"Guante de Latex- Amber - Shopping Dent","isPartOf":{"@id":"https:\/\/shoppingdent.gmstore.com.mx\/#website"},"primaryImageOfPage":{"@id":"https:\/\/shoppingdent.gmstore.com.mx\/?product=guante-de-latex-amber#primaryimage"},"image":{"@id":"https:\/\/shoppingdent.gmstore.com.mx\/?product=guante-de-latex-amber#primaryimage"},"thumbnailUrl":"https:\/\/shoppingdent.gmstore.com.mx\/wp-content\/uploads\/2025\/11\/images.jpeg","datePublished":"2025-11-07T02:54:37+00:00","dateModified":"2025-11-07T03:02:20+00:00","breadcrumb":{"@id":"https:\/\/shoppingdent.gmstore.com.mx\/?product=guante-de-latex-amber#breadcrumb"},"inLanguage":"es","potentialAction":[{"@type":"ReadAction","target":["https:\/\/shoppingdent.gmstore.com.mx\/?product=guante-de-latex-amber"]}]},{"@type":"ImageObject","inLanguage":"es","@id":"https:\/\/shoppingdent.gmstore.com.mx\/?product=guante-de-latex-amber#primaryimage","url":"https:\/\/shoppingdent.gmstore.com.mx\/wp-content\/uploads\/2025\/11\/images.jpeg","contentUrl":"https:\/\/shoppingdent.gmstore.com.mx\/wp-content\/uploads\/2025\/11\/images.jpeg","width":225,"height":225},{"@type":"BreadcrumbList","@id":"https:\/\/shoppingdent.gmstore.com.mx\/?product=guante-de-latex-amber#breadcrumb","itemListElement":[{"@type":"ListItem","position":1,"name":"Portada","item":"https:\/\/shoppingdent.gmstore.com.mx\/"},{"@type":"ListItem","position":2,"name":"Tienda","item":"https:\/\/shoppingdent.gmstore.com.mx\/?page_id=6"},{"@type":"ListItem","position":3,"name":"Guante de Latex- Amber"}]},{"@type":"WebSite","@id":"https:\/\/shoppingdent.gmstore.com.mx\/#website","url":"https:\/\/shoppingdent.gmstore.com.mx\/","name":"Shopping Dent","description":"","publisher":{"@id":"https:\/\/shoppingdent.gmstore.com.mx\/#organization"},"potentialAction":[{"@type":"SearchAction","target":{"@type":"EntryPoint","urlTemplate":"https:\/\/shoppingdent.gmstore.com.mx\/?s={search_term_string}"},"query-input":{"@type":"PropertyValueSpecification","valueRequired":true,"valueName":"search_term_string"}}],"inLanguage":"es"},{"@type":"Organization","@id":"https:\/\/shoppingdent.gmstore.com.mx\/#organization","name":"Shopping Dent","url":"https:\/\/shoppingdent.gmstore.com.mx\/","logo":{"@type":"ImageObject","inLanguage":"es","@id":"https:\/\/shoppingdent.gmstore.com.mx\/#\/schema\/logo\/image\/","url":"https:\/\/shoppingdent.gmstore.com.mx\/wp-content\/uploads\/2025\/08\/cropped-logoDent.png","contentUrl":"https:\/\/shoppingdent.gmstore.com.mx\/wp-content\/uploads\/2025\/08\/cropped-logoDent.png","width":135,"height":135,"caption":"Shopping Dent"},"image":{"@id":"https:\/\/shoppingdent.gmstore.com.mx\/#\/schema\/logo\/image\/"}}]}},"_links":{"self":[{"href":"https:\/\/shoppingdent.gmstore.com.mx\/index.php?rest_route=\/wp\/v2\/product\/278","targetHints":{"allow":["GET"]}}],"collection":[{"href":"https:\/\/shoppingdent.gmstore.com.mx\/index.php?rest_route=\/wp\/v2\/product"}],"about":[{"href":"https:\/\/shoppingdent.gmstore.com.mx\/index.php?rest_route=\/wp\/v2\/types\/product"}],"replies":[{"embeddable":true,"href":"https:\/\/shoppingdent.gmstore.com.mx\/index.php?rest_route=%2Fwp%2Fv2%2Fcomments&post=278"}],"wp:featuredmedia":[{"embeddable":true,"href":"https:\/\/shoppingdent.gmstore.com.mx\/index.php?rest_route=\/wp\/v2\/media\/279"}],"wp:attachment":[{"href":"https:\/\/shoppingdent.gmstore.com.mx\/index.php?rest_route=%2Fwp%2Fv2%2Fmedia&parent=278"}],"wp:term":[{"taxonomy":"product_brand","embeddable":true,"href":"https:\/\/shoppingdent.gmstore.com.mx\/index.php?rest_route=%2Fwp%2Fv2%2Fproduct_brand&post=278"},{"taxonomy":"product_cat","embeddable":true,"href":"https:\/\/shoppingdent.gmstore.com.mx\/index.php?rest_route=%2Fwp%2Fv2%2Fproduct_cat&post=278"},{"taxonomy":"product_tag","embeddable":true,"href":"https:\/\/shoppingdent.gmstore.com.mx\/index.php?rest_route=%2Fwp%2Fv2%2Fproduct_tag&post=278"}],"curies":[{"name":"wp","href":"https:\/\/api.w.org\/{rel}","templated":true}]}}